{"id":154,"date":"2021-08-05T13:02:29","date_gmt":"2021-08-05T11:02:29","guid":{"rendered":"http:\/\/stigmaprod.com\/?page_id=154"},"modified":"2022-10-25T11:44:55","modified_gmt":"2022-10-25T09:44:55","slug":"production-video","status":"publish","type":"page","link":"https:\/\/stigmaprod.com\/index.php\/production-video\/","title":{"rendered":"Productions vid\u00e9o"},"content":{"rendered":"<p>[et_pb_section fb_built=&#8221;1&#8243; admin_label=&#8221;Hero&#8221; _builder_version=&#8221;4.16&#8243; background_color=&#8221;gcid-b2e4966c-8a4c-4984-9a25-5bcb052713ad&#8221; background_image=&#8221;http:\/\/stigmaprod.com\/wp-content\/uploads\/2021\/10\/aerial-top-panorama-view-of-ocean-shore-huge-bizarre-granite-rocks-boulders-on-tropica-SBI-339557941-scaled.jpg&#8221; parallax=&#8221;on&#8221; transform_scale=&#8221;101%|100%&#8221; min_height=&#8221;1084px&#8221; custom_margin=&#8221;-141px||18px||false|false&#8221; custom_padding=&#8221;||0px|||&#8221; animation_style=&#8221;zoom&#8221; animation_intensity_zoom=&#8221;4%&#8221; global_colors_info=&#8221;{%22gcid-b2e4966c-8a4c-4984-9a25-5bcb052713ad%22:%91%22background_color%22%93}&#8221;][et_pb_row column_structure=&#8221;1_2,1_2&#8243; _builder_version=&#8221;4.16&#8243; background_size=&#8221;initial&#8221; background_position=&#8221;top_left&#8221; background_repeat=&#8221;repeat&#8221; custom_margin=&#8221;309px|auto||auto|false|false&#8221; custom_padding=&#8221;|||&#8221; animation_style=&#8221;slide&#8221; animation_direction=&#8221;top&#8221; animation_intensity_slide=&#8221;3%&#8221; global_colors_info=&#8221;{}&#8221;][et_pb_column type=&#8221;1_2&#8243; _builder_version=&#8221;4.16&#8243; custom_padding=&#8221;|||&#8221; global_colors_info=&#8221;{}&#8221; custom_padding__hover=&#8221;|||&#8221;][et_pb_text _builder_version=&#8221;4.16&#8243; text_font=&#8221;Montserrat|500||on|||||&#8221; text_text_color=&#8221;#FFFFFF&#8221; text_font_size=&#8221;24px&#8221; text_letter_spacing=&#8221;3px&#8221; header_text_color=&#8221;#FFFFFF&#8221; background_color=&#8221;RGBA(0,0,0,0)&#8221; background_size=&#8221;initial&#8221; background_position=&#8221;top_left&#8221; background_repeat=&#8221;repeat&#8221; width=&#8221;52.3%&#8221; custom_margin=&#8221;|41px|45px|191px|false|false&#8221; animation_style=&#8221;fade&#8221; animation_direction=&#8221;bottom&#8221; link_option_url=&#8221;http:\/\/stigmaprod.com\/index.php\/mariage\/&#8221; text_text_shadow_style=&#8221;preset2&#8243; locked=&#8221;off&#8221; global_colors_info=&#8221;{}&#8221;]<\/p>\n<p>Mariage<\/p>\n<p>[\/et_pb_text][\/et_pb_column][et_pb_column type=&#8221;1_2&#8243; _builder_version=&#8221;4.16&#8243; custom_padding=&#8221;|||&#8221; global_colors_info=&#8221;{}&#8221; custom_padding__hover=&#8221;|||&#8221;][et_pb_text _builder_version=&#8221;4.16&#8243; _module_preset=&#8221;default&#8221; text_font=&#8221;Montserrat||||||||&#8221; text_text_color=&#8221;#FFFFFF&#8221; text_font_size=&#8221;24px&#8221; text_letter_spacing=&#8221;3px&#8221; width=&#8221;106%&#8221; min_height=&#8221;98px&#8221; custom_margin=&#8221;|-101px|||false|false&#8221; custom_padding=&#8221;|3px||||&#8221; text_text_shadow_style=&#8221;preset2&#8243; global_colors_info=&#8221;{}&#8221;]<\/p>\n<p>COMMUNICATION AUDIO-VISUELLE<\/p>\n<p>[\/et_pb_text][\/et_pb_column][\/et_pb_row][\/et_pb_section][et_pb_section fb_built=&#8221;1&#8243; specialty=&#8221;on&#8221; _builder_version=&#8221;4.16&#8243; _module_preset=&#8221;default&#8221; min_height=&#8221;686.3px&#8221; custom_margin=&#8221;-17px||204px||false|false&#8221; global_colors_info=&#8221;{}&#8221;][et_pb_column type=&#8221;1_2&#8243; _builder_version=&#8221;4.16&#8243; custom_padding=&#8221;|||&#8221; global_colors_info=&#8221;{}&#8221; custom_padding__hover=&#8221;|||&#8221;][et_pb_image src=&#8221;http:\/\/stigmaprod.com\/wp-content\/uploads\/2021\/10\/IMG_9149-copie-scaled.jpg&#8221; title_text=&#8221;IMG_9149 copie&#8221; _builder_version=&#8221;4.16&#8243; _module_preset=&#8221;default&#8221; transform_scale=&#8221;171%|171%&#8221; custom_margin=&#8221;199px|||-92px|false|false&#8221; global_colors_info=&#8221;{}&#8221;][\/et_pb_image][\/et_pb_column][et_pb_column type=&#8221;1_2&#8243; specialty_columns=&#8221;2&#8243; _builder_version=&#8221;4.16&#8243; custom_padding=&#8221;|||&#8221; global_colors_info=&#8221;{}&#8221; custom_padding__hover=&#8221;|||&#8221;][et_pb_row_inner _builder_version=&#8221;4.16&#8243; _module_preset=&#8221;default&#8221; global_colors_info=&#8221;{}&#8221;][et_pb_column_inner saved_specialty_column_type=&#8221;1_2&#8243; _builder_version=&#8221;4.16&#8243; _module_preset=&#8221;default&#8221; global_colors_info=&#8221;{}&#8221;][et_pb_text _builder_version=&#8221;4.16&#8243; _module_preset=&#8221;default&#8221; text_font=&#8221;Montserrat||||||||&#8221; text_text_color=&#8221;#7f7f7f&#8221; text_font_size=&#8221;18px&#8221; text_letter_spacing=&#8221;5px&#8221; text_line_height=&#8221;1.5em&#8221; ol_font_size=&#8221;13px&#8221; background_color=&#8221;#b2ead6&#8243; text_orientation=&#8221;center&#8221; width=&#8221;130%&#8221; min_height=&#8221;608px&#8221; custom_margin=&#8221;199px|||42px|false|false&#8221; custom_padding=&#8221;105px|90px|40px|90px|false|false&#8221; border_radii=&#8221;on|6px|6px|6px|6px&#8221; box_shadow_style=&#8221;preset1&#8243; global_colors_info=&#8221;{}&#8221;]<\/p>\n<p><span><strong>Nous intervenons \u00e0 chaque \u00e9tape de la conception de votre film :<\/strong> <\/span><\/p>\n<p><span><em>Conseil, sc\u00e9narisation, pr\u00e9production, tournage, montage,<\/em><\/span><br \/><span><em>postproduction et encodage<\/em>. <\/span><\/p>\n<p><span><\/span><\/p>\n<p><span><\/span><\/p>\n<p><span><strong>Nos vid\u00e9os s\u2019adaptent \u00e0 tous types de supports :<\/strong> <\/span><\/p>\n<p><em>Internet, TV, \u00e9v\u00e8nements professionnels\u2026<\/em><\/p>\n<p>[\/et_pb_text][\/et_pb_column_inner][\/et_pb_row_inner][\/et_pb_column][\/et_pb_section][et_pb_section fb_built=&#8221;1&#8243; _builder_version=&#8221;4.16&#8243; _module_preset=&#8221;default&#8221; min_height=&#8221;407px&#8221; global_colors_info=&#8221;{}&#8221;][et_pb_row column_structure=&#8221;1_3,1_3,1_3&#8243; _builder_version=&#8221;4.16&#8243; _module_preset=&#8221;default&#8221; global_colors_info=&#8221;{}&#8221;][et_pb_column type=&#8221;1_3&#8243; _builder_version=&#8221;4.16&#8243; _module_preset=&#8221;default&#8221; global_colors_info=&#8221;{}&#8221;][et_pb_text _builder_version=&#8221;4.16&#8243; _module_preset=&#8221;default&#8221; global_colors_info=&#8221;{}&#8221;]<\/p>\n<h4 class=\"preFade fadeIn\">DIRECTION ARTISTIQUE<\/h4>\n<p class=\"preFade fadeIn\">Nous vous accompagnons \u00e0 chaque \u00e9tape de votre projet afin de r\u00e9aliser un contenu pertinent qui valorisera votre produit ou votre structure.<\/p>\n<p>[\/et_pb_text][et_pb_image src=&#8221;http:\/\/stigmaprod.com\/wp-content\/uploads\/2021\/10\/close-up-of-hand-holding-pen-with-paper-over-pile-of-documents-SBI-306973464-1-scaled.jpg&#8221; title_text=&#8221;Stock-taking&#8221; _builder_version=&#8221;4.16&#8243; _module_preset=&#8221;default&#8221; custom_margin=&#8221;99px|||||&#8221; global_colors_info=&#8221;{}&#8221;][\/et_pb_image][\/et_pb_column][et_pb_column type=&#8221;1_3&#8243; _builder_version=&#8221;4.16&#8243; _module_preset=&#8221;default&#8221; global_colors_info=&#8221;{}&#8221;][et_pb_text _builder_version=&#8221;4.16&#8243; _module_preset=&#8221;default&#8221; global_colors_info=&#8221;{}&#8221;]<\/p>\n<h4 class=\"preFade fadeIn\">PRODUCTION &amp; REALISATION<\/h4>\n<p class=\"preFade fadeIn\">Nous produisons votre contenu vid\u00e9o, bas\u00e9 sur votre brief, le sc\u00e9nario d\u00e9cid\u00e9 et le budget allou\u00e9.<\/p>\n<p>[\/et_pb_text][et_pb_image src=&#8221;http:\/\/stigmaprod.com\/wp-content\/uploads\/2021\/10\/Capture-de\u0301cran-2021-10-18-a\u0300-16.50.32.png&#8221; title_text=&#8221;Capture d\u2019e\u0301cran 2021-10-18 a\u0300 16.50.32&#8243; _builder_version=&#8221;4.16&#8243; _module_preset=&#8221;default&#8221; transform_scale=&#8221;100%|86%&#8221; transform_scale_linked=&#8221;off&#8221; width=&#8221;97%&#8221; min_height=&#8221;307px&#8221; height=&#8221;268px&#8221; custom_margin=&#8221;77px||-6px||false|false&#8221; custom_padding=&#8221;||4px||false|false&#8221; global_colors_info=&#8221;{}&#8221;][\/et_pb_image][\/et_pb_column][et_pb_column type=&#8221;1_3&#8243; _builder_version=&#8221;4.16&#8243; _module_preset=&#8221;default&#8221; global_colors_info=&#8221;{}&#8221;][et_pb_text _builder_version=&#8221;4.16&#8243; _module_preset=&#8221;default&#8221; global_colors_info=&#8221;{}&#8221;]<\/p>\n<h4 class=\"preFade fadeIn\">MONTAGE &amp; ETALONNAGE<\/h4>\n<p class=\"preFade fadeIn\">La premi\u00e8re \u00e9tape est le montage des plans du film. Une fois celui-ci valid\u00e9, nous finalisons le film (voix off, \u00e9talonnage des couleurs, mixage du son). Nous vous livrons le fichier qui correspond \u00e0 vos besoins.<\/p>\n<p>[\/et_pb_text][et_pb_image src=&#8221;http:\/\/stigmaprod.com\/wp-content\/uploads\/2022\/02\/Capture-de\u0301cran-2022-02-13-a\u0300-13.56.16.png&#8221; title_text=&#8221;Capture d\u2019e\u0301cran 2022-02-13 a\u0300 13.56.16&#8243; _builder_version=&#8221;4.16&#8243; _module_preset=&#8221;default&#8221; transform_scale=&#8221;121%|121%&#8221; custom_margin=&#8221;71px||||false|false&#8221; global_colors_info=&#8221;{}&#8221;][\/et_pb_image][\/et_pb_column][\/et_pb_row][\/et_pb_section][et_pb_section fb_built=&#8221;1&#8243; _builder_version=&#8221;4.16&#8243; _module_preset=&#8221;default&#8221; global_colors_info=&#8221;{}&#8221;][et_pb_row _builder_version=&#8221;4.16&#8243; _module_preset=&#8221;default&#8221; global_colors_info=&#8221;{}&#8221;][et_pb_column type=&#8221;4_4&#8243; _builder_version=&#8221;4.16&#8243; _module_preset=&#8221;default&#8221; global_colors_info=&#8221;{}&#8221;][et_pb_text _builder_version=&#8221;4.16&#8243; _module_preset=&#8221;default&#8221; text_font=&#8221;Actor||||||||&#8221; text_text_color=&#8221;#000000&#8243; text_font_size=&#8221;57px&#8221; text_letter_spacing=&#8221;4px&#8221; text_orientation=&#8221;center&#8221; custom_margin=&#8221;-9px||||false|false&#8221; animation_style=&#8221;fade&#8221; animation_duration=&#8221;1250ms&#8221; animation_delay=&#8221;150ms&#8221; text_text_shadow_style=&#8221;preset2&#8243; global_colors_info=&#8221;{}&#8221;]<\/p>\n<p>R\u00e9alisations<\/p>\n<p>[\/et_pb_text][et_pb_image src=&#8221;http:\/\/stigmaprod.com\/wp-content\/uploads\/2021\/10\/Capture-de\u0301cran-2021-10-18-a\u0300-17.22.45-scaled.jpg&#8221; title_text=&#8221;Capture d\u2019e\u0301cran 2021-10-18 a\u0300 17.22.45&#8243; url=&#8221;http:\/\/stigmaprod.com\/?page_id=369&#8243; _builder_version=&#8221;4.16&#8243; _module_preset=&#8221;default&#8221; transform_scale=&#8221;120%|120%&#8221; custom_margin=&#8221;120px||||false|false&#8221; animation_style=&#8221;fade&#8221; animation_duration=&#8221;1550ms&#8221; border_width_all=&#8221;3px&#8221; border_color_all=&#8221;#000000&#8243; global_colors_info=&#8221;{}&#8221;][\/et_pb_image][et_pb_image src=&#8221;http:\/\/stigmaprod.com\/wp-content\/uploads\/2021\/10\/Capture-de\u0301cran-2021-10-18-a\u0300-17.36.42-scaled.jpg&#8221; title_text=&#8221;Capture d\u2019e\u0301cran 2021-10-18 a\u0300 17.36.42&#8243; url=&#8221;http:\/\/stigmaprod.com\/?page_id=377&#8243; _builder_version=&#8221;4.16&#8243; _module_preset=&#8221;default&#8221; transform_scale=&#8221;120%|120%&#8221; custom_margin=&#8221;178px||||false|false&#8221; animation_style=&#8221;fade&#8221; animation_duration=&#8221;1750ms&#8221; border_width_all=&#8221;3px&#8221; border_color_all=&#8221;#000000&#8243; global_colors_info=&#8221;{}&#8221;][\/et_pb_image][et_pb_image src=&#8221;http:\/\/stigmaprod.com\/wp-content\/uploads\/2021\/10\/Capture-de\u0301cran-2021-10-29-a\u0300-15.10.35-scaled.jpg&#8221; title_text=&#8221;Capture d\u2019e\u0301cran 2021-10-29 a\u0300 15.10.35&#8243; url=&#8221;http:\/\/stigmaprod.com\/index.php\/parenthese-cocktail\/&#8221; _builder_version=&#8221;4.16&#8243; _module_preset=&#8221;default&#8221; transform_scale=&#8221;120%|120%&#8221; custom_margin=&#8221;178px||||false|false&#8221; animation_style=&#8221;fade&#8221; animation_duration=&#8221;1800ms&#8221; border_width_all=&#8221;3px&#8221; border_color_all=&#8221;#000000&#8243; global_colors_info=&#8221;{}&#8221;][\/et_pb_image][et_pb_image src=&#8221;http:\/\/stigmaprod.com\/wp-content\/uploads\/2021\/10\/Meet-hub.jpg&#8221; title_text=&#8221;Meet hub&#8221; url=&#8221;http:\/\/stigmaprod.com\/?page_id=446&#8243; _builder_version=&#8221;4.16&#8243; _module_preset=&#8221;default&#8221; transform_scale=&#8221;120%|120%&#8221; custom_margin=&#8221;178px||||false|false&#8221; animation_style=&#8221;fade&#8221; animation_duration=&#8221;1800ms&#8221; border_width_all=&#8221;3px&#8221; border_color_all=&#8221;#000000&#8243; global_colors_info=&#8221;{}&#8221;][\/et_pb_image][et_pb_video src=&#8221;http:\/\/stigmaprod.com\/wp-content\/uploads\/2022\/02\/Hybrid-Quechua.mp4&#8243; _builder_version=&#8221;4.16&#8243; _module_preset=&#8221;default&#8221; transform_scale=&#8221;120%|120%&#8221; custom_margin=&#8221;172px||||false|false&#8221; global_colors_info=&#8221;{}&#8221;][\/et_pb_video][et_pb_code _builder_version=&#8221;4.16&#8243; _module_preset=&#8221;default&#8221; transform_scale=&#8221;120%|120%&#8221; custom_margin=&#8221;158px||||false|false&#8221; global_colors_info=&#8221;{}&#8221;]<iframe loading=\"lazy\" width=\"560\" height=\"315\" src=\"https:\/\/www.youtube.com\/embed\/gNGkzPal6jE\" title=\"YouTube video player\" frameborder=\"0\" allow=\"accelerometer; autoplay; clipboard-write; encrypted-media; gyroscope; picture-in-picture\" allowfullscreen><\/iframe>[\/et_pb_code][et_pb_code _builder_version=&#8221;4.17.4&#8243; _module_preset=&#8221;default&#8221; transform_scale=&#8221;120%|120%&#8221; custom_margin=&#8221;169px||||false|false&#8221; global_colors_info=&#8221;{}&#8221;]<iframe loading=\"lazy\" width=\"560\" height=\"315\" src=\"https:\/\/www.youtube.com\/embed\/Jr-NdHWtQHU\" title=\"YouTube video player\" frameborder=\"0\" allow=\"accelerometer; autoplay; clipboard-write; encrypted-media; gyroscope; picture-in-picture\" allowfullscreen><\/iframe>[\/et_pb_code][et_pb_code _builder_version=&#8221;4.17.4&#8243; _module_preset=&#8221;default&#8221; transform_scale=&#8221;119%|119%&#8221; custom_margin=&#8221;135px||||false|false&#8221; global_colors_info=&#8221;{}&#8221;]<iframe loading=\"lazy\" width=\"560\" height=\"315\" src=\"https:\/\/www.youtube.com\/embed\/zggfBQMOtRo\" title=\"YouTube video player\" frameborder=\"0\" allow=\"accelerometer; autoplay; clipboard-write; encrypted-media; gyroscope; picture-in-picture\" allowfullscreen><\/iframe>[\/et_pb_code][et_pb_image src=&#8221;http:\/\/stigmaprod.com\/wp-content\/uploads\/2022\/10\/Capture-de\u0301cran-2022-10-25-a\u0300-11.38.15.png&#8221; title_text=&#8221;Capture d\u2019e\u0301cran 2022-10-25 a\u0300 11.38.15&#8243; _builder_version=&#8221;4.18.0&#8243; _module_preset=&#8221;default&#8221; transform_scale=&#8221;118%|118%&#8221; custom_margin=&#8221;136px||||false|false&#8221; hover_enabled=&#8221;0&#8243; global_colors_info=&#8221;{}&#8221; url=&#8221;http:\/\/stigmaprod.com\/?page_id=1102&#8243; sticky_enabled=&#8221;0&#8243;][\/et_pb_image][\/et_pb_column][\/et_pb_row][et_pb_row _builder_version=&#8221;4.18.0&#8243; _module_preset=&#8221;default&#8221; global_colors_info=&#8221;{}&#8221;][et_pb_column type=&#8221;4_4&#8243; _builder_version=&#8221;4.18.0&#8243; _module_preset=&#8221;default&#8221; global_colors_info=&#8221;{}&#8221;][et_pb_video _builder_version=&#8221;4.18.0&#8243; _module_preset=&#8221;default&#8221; transform_scale=&#8221;119%|119%&#8221; custom_margin=&#8221;86px||||false|false&#8221; global_colors_info=&#8221;{}&#8221;][\/et_pb_video][\/et_pb_column][\/et_pb_row][\/et_pb_section]<\/p>\n","protected":false},"excerpt":{"rendered":"<p>MariageCOMMUNICATION AUDIO-VISUELLENous intervenons \u00e0 chaque \u00e9tape de la conception de votre film : Conseil, sc\u00e9narisation, pr\u00e9production, tournage, montage,postproduction et encodage. Nos vid\u00e9os s\u2019adaptent \u00e0 tous types de supports : Internet, TV, \u00e9v\u00e8nements professionnels\u2026DIRECTION ARTISTIQUE Nous vous accompagnons \u00e0 chaque \u00e9tape de votre projet afin de r\u00e9aliser un contenu pertinent qui valorisera votre produit ou votre [&hellip;]<\/p>\n","protected":false},"author":1,"featured_media":0,"parent":0,"menu_order":0,"comment_status":"closed","ping_status":"closed","template":"","meta":{"_et_pb_use_builder":"on","_et_pb_old_content":"","_et_gb_content_width":"","footnotes":""},"class_list":["post-154","page","type-page","status-publish","hentry"],"_links":{"self":[{"href":"https:\/\/stigmaprod.com\/index.php\/wp-json\/wp\/v2\/pages\/154","targetHints":{"allow":["GET"]}}],"collection":[{"href":"https:\/\/stigmaprod.com\/index.php\/wp-json\/wp\/v2\/pages"}],"about":[{"href":"https:\/\/stigmaprod.com\/index.php\/wp-json\/wp\/v2\/types\/page"}],"author":[{"embeddable":true,"href":"https:\/\/stigmaprod.com\/index.php\/wp-json\/wp\/v2\/users\/1"}],"replies":[{"embeddable":true,"href":"https:\/\/stigmaprod.com\/index.php\/wp-json\/wp\/v2\/comments?post=154"}],"version-history":[{"count":39,"href":"https:\/\/stigmaprod.com\/index.php\/wp-json\/wp\/v2\/pages\/154\/revisions"}],"predecessor-version":[{"id":1104,"href":"https:\/\/stigmaprod.com\/index.php\/wp-json\/wp\/v2\/pages\/154\/revisions\/1104"}],"wp:attachment":[{"href":"https:\/\/stigmaprod.com\/index.php\/wp-json\/wp\/v2\/media?parent=154"}],"curies":[{"name":"wp","href":"https:\/\/api.w.org\/{rel}","templated":true}]}}